{"id":6622,"date":"2016-11-18T04:56:45","date_gmt":"2016-11-18T07:56:45","guid":{"rendered":"http:\/\/157.245.141.11\/site\/de\/?page_id=6622"},"modified":"2025-01-06T11:32:42","modified_gmt":"2025-01-06T14:32:42","slug":"kurse-in-deutschland","status":"publish","type":"page","link":"https:\/\/goethebrasilia.org.br\/de\/deutsch-lernen\/kurse-in-deutschland\/","title":{"rendered":"Deutschkurse in Deutschland"},"content":{"rendered":"<p style=\"text-align: justify;\">Deutsch lernen an den <a href=\"https:\/\/www.goethe.de\/ins\/de\/de\/index.html?wt_sc=deutschland\" target=\"_blank\" rel=\"noopener\">Goethe-Instituten in Deutschland<\/a>, das ist mehr als ein Sprachkurs: Es ist deine Chance, das Land und seine Kultur zu entdecken, die Menschen und ihren Alltag genauer kennen zu lernen und neue Erfahrungen zu machen. Kurzum: Es ist eine richtig gute Idee!<\/p>\n<p style=\"text-align: justify;\">Da Goethe aber 13 Filialen in Deutschland hat &#8211; von den Sommerkurs-Orten ganz zu schweigen -, ist es nicht immer ganz leicht, den richtigen Ort auszuw\u00e4hlen.<\/p>\n<div class=\"group\/conversation-turn relative flex w-full min-w-0 flex-col agent-turn\">\n<div class=\"flex-col gap-1 md:gap-3\">\n<div class=\"flex max-w-full flex-col flex-grow\">\n<div class=\"min-h-8 text-message flex w-full flex-col items-end gap-2 whitespace-normal break-words text-start [.text-message+&amp;]:mt-5\" dir=\"auto\" data-message-author-role=\"assistant\" data-message-id=\"4e26324b-bfd3-455a-89f6-c9cd11937a04\" data-message-model-slug=\"gpt-4o\">\n<div class=\"flex w-full flex-col gap-1 empty:hidden first:pt-[3px]\">\n<div class=\"markdown prose w-full break-words dark:prose-invert light\">\n<p><strong>Wenn Sie eine deutsche Universit\u00e4t besuchen m\u00f6chten, bieten wir das Programm \u201e<a href=\"https:\/\/www.goethe.de\/de\/spr\/stv\/sbr.html\" target=\"_blank\" rel=\"noopener\">Studienbr\u00fccke<\/a>\u201c an.<\/strong><\/p>\n<p>Dieses Vorbereitungsprogramm f\u00fcr den direkten Zugang zu einer Universit\u00e4t in Deutschland richtet sich an Sch\u00fclerinnen und Sch\u00fcler mit herausragenden Leistungen in Mathematik, Informatik, Naturwissenschaften und Technik sowie mit Vorkenntnissen in der deutschen Sprache. Der Kurs umfasst die Vorbereitung auf die deutsche Sprache und Fachsprache sowie eine Einf\u00fchrung in das deutsche Hochschulsystem und die akademische Kultur.<\/p>\n<\/div>\n<\/div>\n<\/div>\n<\/div>\n<\/div>\n<\/div>\n<p>&nbsp;<\/p>\n","protected":false},"excerpt":{"rendered":"<p>Deutsch lernen an den Goethe-Instituten in Deutschland, das ist mehr als ein Sprachkurs: Es ist deine Chance, das Land und seine Kultur zu entdecken, die Menschen und ihren Alltag genauer kennen zu lernen und neue Erfahrungen zu machen. Kurzum: Es ist eine richtig gute Idee! Da Goethe aber 13 Filialen in Deutschland hat &#8211; von [&hellip;]<\/p>\n","protected":false},"author":9,"featured_media":1792,"parent":1865,"menu_order":10,"comment_status":"closed","ping_status":"closed","template":"","meta":{"inline_featured_image":false},"acf":{"sidebar_banners":false,"sidebar_button_text":"","sidebar_button_link":"","sidebar_button_pos":"after","general_table_list":false,"show_grade_table":[],"related_links_list":false,"related_files_list":false,"set_to_child":false,"slideshow_list":false,"faq_list":false},"_links":{"self":[{"href":"https:\/\/goethebrasilia.org.br\/de\/wp-json\/wp\/v2\/pages\/6622"}],"collection":[{"href":"https:\/\/goethebrasilia.org.br\/de\/wp-json\/wp\/v2\/pages"}],"about":[{"href":"https:\/\/goethebrasilia.org.br\/de\/wp-json\/wp\/v2\/types\/page"}],"author":[{"embeddable":true,"href":"https:\/\/goethebrasilia.org.br\/de\/wp-json\/wp\/v2\/users\/9"}],"replies":[{"embeddable":true,"href":"https:\/\/goethebrasilia.org.br\/de\/wp-json\/wp\/v2\/comments?post=6622"}],"version-history":[{"count":16,"href":"https:\/\/goethebrasilia.org.br\/de\/wp-json\/wp\/v2\/pages\/6622\/revisions"}],"predecessor-version":[{"id":26167,"href":"https:\/\/goethebrasilia.org.br\/de\/wp-json\/wp\/v2\/pages\/6622\/revisions\/26167"}],"up":[{"embeddable":true,"href":"https:\/\/goethebrasilia.org.br\/de\/wp-json\/wp\/v2\/pages\/1865"}],"wp:featuredmedia":[{"embeddable":true,"href":"https:\/\/goethebrasilia.org.br\/de\/wp-json\/wp\/v2\/media\/1792"}],"wp:attachment":[{"href":"https:\/\/goethebrasilia.org.br\/de\/wp-json\/wp\/v2\/media?parent=6622"}],"curies":[{"name":"wp","href":"https:\/\/api.w.org\/{rel}","templated":true}]}}