{"id":2625,"date":"2016-02-16T08:17:51","date_gmt":"2016-02-16T11:17:51","guid":{"rendered":"http:\/\/157.245.141.11\/site\/?page_id=2625&#038;lang=de"},"modified":"2017-03-09T09:22:08","modified_gmt":"2017-03-09T12:22:08","slug":"de-agende-sua-visita","status":"publish","type":"page","link":"https:\/\/goethebrasilia.org.br\/de\/kontakt\/de-agende-sua-visita\/","title":{"rendered":"Terminreservierung"},"content":{"rendered":"<script type=\"text\/javascript\">var gform;gform||(document.addEventListener(\"gform_main_scripts_loaded\",function(){gform.scriptsLoaded=!0}),window.addEventListener(\"DOMContentLoaded\",function(){gform.domLoaded=!0}),gform={domLoaded:!1,scriptsLoaded:!1,initializeOnLoaded:function(o){gform.domLoaded&&gform.scriptsLoaded?o():!gform.domLoaded&&gform.scriptsLoaded?window.addEventListener(\"DOMContentLoaded\",o):document.addEventListener(\"gform_main_scripts_loaded\",o)},hooks:{action:{},filter:{}},addAction:function(o,n,r,t){gform.addHook(\"action\",o,n,r,t)},addFilter:function(o,n,r,t){gform.addHook(\"filter\",o,n,r,t)},doAction:function(o){gform.doHook(\"action\",o,arguments)},applyFilters:function(o){return gform.doHook(\"filter\",o,arguments)},removeAction:function(o,n){gform.removeHook(\"action\",o,n)},removeFilter:function(o,n,r){gform.removeHook(\"filter\",o,n,r)},addHook:function(o,n,r,t,i){null==gform.hooks[o][n]&&(gform.hooks[o][n]=[]);var e=gform.hooks[o][n];null==i&&(i=n+\"_\"+e.length),gform.hooks[o][n].push({tag:i,callable:r,priority:t=null==t?10:t})},doHook:function(n,o,r){var t;if(r=Array.prototype.slice.call(r,1),null!=gform.hooks[n][o]&&((o=gform.hooks[n][o]).sort(function(o,n){return o.priority-n.priority}),o.forEach(function(o){\"function\"!=typeof(t=o.callable)&&(t=window[t]),\"action\"==n?t.apply(null,r):r[0]=t.apply(null,r)})),\"filter\"==n)return r[0]},removeHook:function(o,n,t,i){var r;null!=gform.hooks[o][n]&&(r=(r=gform.hooks[o][n]).filter(function(o,n,r){return!!(null!=i&&i!=o.tag||null!=t&&t!=o.priority)}),gform.hooks[o][n]=r)}});<\/script>\n                <div class='gf_browser_gecko gform_wrapper gf-add-placeholder_wrapper agende_wrapper in-contato_wrapper gform_legacy_markup_wrapper' id='gform_wrapper_11' ><div id='gf_11' class='gform_anchor' tabindex='-1'><\/div><form method='post' enctype='multipart\/form-data' target='gform_ajax_frame_11' id='gform_11' class='gf-add-placeholder agende in-contato gform_legacy_markup' action='\/de\/wp-json\/wp\/v2\/pages\/2625#gf_11' novalidate>\n                        <div class='gform_body gform-body'><ul id='gform_fields_11' class='gform_fields top_label form_sublabel_below description_below'><li id=\"field_11_1\" class=\"gfield gfield_contains_required field_sublabel_hidden_label field_description_below hidden_label gfield_visibility_visible\" ><label class='gfield_label gfield_label_before_complex'  >Nome<span class=\"gfield_required\"><span class=\"gfield_required gfield_required_asterisk\">*<\/span><\/span><\/label><div class='ginput_complex ginput_container no_prefix has_first_name no_middle_name no_last_name no_suffix gf_name_has_1 ginput_container_name' id='input_11_1'>\n                            \n                            <span id='input_11_1_3_container' class='name_first' >\n                                                    <input type='text' name='input_1.3' id='input_11_1_3' value=''   aria-required='true'   placeholder='Nome Completo*'  \/>\n                                                    <label for='input_11_1_3' class='hidden_sub_label screen-reader-text'>Vorname<\/label>\n                                                <\/span>\n                            \n                            \n                            \n                        <\/div><\/li><li id=\"field_11_3\" class=\"gfield gfield_contains_required field_sublabel_below field_description_below hidden_label gfield_visibility_visible\" ><label class='gfield_label' for='input_11_3' >Telefone<span class=\"gfield_required\"><span class=\"gfield_required gfield_required_asterisk\">*<\/span><\/span><\/label><div class='ginput_container ginput_container_text'><input name='input_3' id='input_11_3' type='text' value='' class='large'    placeholder='Telefone*' aria-required=\"true\" aria-invalid=\"false\"   \/> <\/div><\/li><li id=\"field_11_2\" class=\"gfield field_sublabel_below field_description_below hidden_label gfield_visibility_visible\" ><label class='gfield_label' for='input_11_2' >Email<\/label><div class='ginput_container ginput_container_email'>\n                            <input name='input_2' id='input_11_2' type='email' value='' class='large'   placeholder='Email*'  aria-invalid=\"false\"  \/>\n                        <\/div><\/li><li id=\"field_11_8\" class=\"gfield field_sublabel_below field_description_below hidden_label gfield_visibility_visible\" ><label class='gfield_label' for='input_11_8' >Como nos descobriu?<\/label><div class='ginput_container ginput_container_select'><select name='input_8' id='input_11_8' class='medium gfield_select'     aria-invalid=\"false\" ><option value='Como nos descobriu?' >Como nos descobriu?<\/option><option value='Facebook' >Facebook<\/option><option value='Google' >Google<\/option><option value='Indica\u00e7\u00e3o' >Indica\u00e7\u00e3o<\/option><option value='Outro' >Outro<\/option><\/select><\/div><\/li><li id=\"field_11_9\" class=\"gfield field_sublabel_below field_description_below hidden_label gfield_visibility_visible\" ><label class='gfield_label' for='input_11_9' >Assunto<\/label><div class='ginput_container ginput_container_select'><select name='input_9' id='input_11_9' class='medium gfield_select'     aria-invalid=\"false\" ><option value='Motivo da visita' >Motivo da visita<\/option><option value='Cursos e\/ou exames' >Cursos e\/ou exames<\/option><option value='Cultura' >Cultura<\/option><option value='Biblioteca' >Biblioteca<\/option><option value='Outros' >Outros<\/option><\/select><\/div><\/li><li id=\"field_11_6\" class=\"gfield gf_list_inline checkboxes turno field_sublabel_below field_description_below gfield_visibility_visible\" ><label class='gfield_label gfield_label_before_complex'  >Turno Preferido<\/label><div class='ginput_container ginput_container_checkbox'><ul class='gfield_checkbox' id='input_11_6'><li class='gchoice gchoice_11_6_1'>\n\t\t\t\t\t\t\t\t<input class='gfield-choice-input' name='input_6.1' type='checkbox'  value='Manh\u00e3'  id='choice_11_6_1'   \/>\n\t\t\t\t\t\t\t\t<label for='choice_11_6_1' id='label_11_6_1'>Manh\u00e3<\/label>\n\t\t\t\t\t\t\t<\/li><li class='gchoice gchoice_11_6_2'>\n\t\t\t\t\t\t\t\t<input class='gfield-choice-input' name='input_6.2' type='checkbox'  value='Tarde'  id='choice_11_6_2'   \/>\n\t\t\t\t\t\t\t\t<label for='choice_11_6_2' id='label_11_6_2'>Tarde<\/label>\n\t\t\t\t\t\t\t<\/li><\/ul><\/div><\/li><li id=\"field_11_7\" class=\"gfield gf_list_inline checkboxes forma-contato field_sublabel_below field_description_below gfield_visibility_visible\" ><label class='gfield_label gfield_label_before_complex'  >Forma de Contato<\/label><div class='ginput_container ginput_container_checkbox'><ul class='gfield_checkbox' id='input_11_7'><li class='gchoice gchoice_11_7_1'>\n\t\t\t\t\t\t\t\t<input class='gfield-choice-input' name='input_7.1' type='checkbox'  value='Email'  id='choice_11_7_1'   \/>\n\t\t\t\t\t\t\t\t<label for='choice_11_7_1' id='label_11_7_1'>Email<\/label>\n\t\t\t\t\t\t\t<\/li><li class='gchoice gchoice_11_7_2'>\n\t\t\t\t\t\t\t\t<input class='gfield-choice-input' name='input_7.2' type='checkbox'  value='Telefone'  id='choice_11_7_2'   \/>\n\t\t\t\t\t\t\t\t<label for='choice_11_7_2' id='label_11_7_2'>Telefone<\/label>\n\t\t\t\t\t\t\t<\/li><\/ul><\/div><\/li><li id=\"field_11_10\" class=\"gfield gform_validation_container field_sublabel_below field_description_below gfield_visibility_visible\" ><label class='gfield_label' for='input_11_10' >Name<\/label><div class='ginput_container'><input name='input_10' id='input_11_10' type='text' value='' autocomplete='new-password'\/><\/div><div class='gfield_description' id='gfield_description_11_10'>Dieses Feld dient zur Validierung und sollte nicht ver\u00e4ndert werden.<\/div><\/li><\/ul><\/div>\n        <div class='gform_footer top_label'> <input type=\"submit\" id=\"gform_submit_button_11\" class=\"gform_button button o-btn c-btn c-btn--primary\" value=\"Enviar agendamento \u00bb\" onclick='if(window[\"gf_submitting_11\"]){return false;}  if( !jQuery(\"#gform_11\")[0].checkValidity || jQuery(\"#gform_11\")[0].checkValidity()){window[\"gf_submitting_11\"]=true;}  ' onkeypress='if( event.keyCode == 13 ){ if(window[\"gf_submitting_11\"]){return false;} if( !jQuery(\"#gform_11\")[0].checkValidity || jQuery(\"#gform_11\")[0].checkValidity()){window[\"gf_submitting_11\"]=true;}  jQuery(\"#gform_11\").trigger(\"submit\",[true]); }'> <input type='hidden' name='gform_ajax' value='form_id=11&amp;title=&amp;description=&amp;tabindex=0' \/>\n            <input type='hidden' class='gform_hidden' name='is_submit_11' value='1' \/>\n            <input type='hidden' class='gform_hidden' name='gform_submit' value='11' \/>\n            \n            <input type='hidden' class='gform_hidden' name='gform_unique_id' value='' \/>\n            <input type='hidden' class='gform_hidden' name='state_11' value='WyJbXSIsImMyMzlkYjg1NDM2YTRiODU2YjY5MzNiMmE4OWMyMWY5Il0=' \/>\n            <input type='hidden' class='gform_hidden' name='gform_target_page_number_11' id='gform_target_page_number_11' value='0' \/>\n            <input type='hidden' class='gform_hidden' name='gform_source_page_number_11' id='gform_source_page_number_11' value='1' \/>\n            <input type='hidden' name='gform_field_values' value='' \/>\n            \n        <\/div>\n                        <\/form>\n                        <\/div>\n                <iframe style='display:none;width:0px;height:0px;' src='about:blank' name='gform_ajax_frame_11' id='gform_ajax_frame_11' title='Dieser iframe enth\u00e4lt die erforderliche Logik um Gravity Forms Formulare mit AJAX zu handhaben.'><\/iframe>\n                <script type=\"text\/javascript\">\ngform.initializeOnLoaded( function() {gformInitSpinner( 11, 'https:\/\/goethebrasilia.org.br\/site\/wp-content\/plugins\/gravityforms\/images\/spinner.svg' );jQuery('#gform_ajax_frame_11').on('load',function(){var contents = jQuery(this).contents().find('*').html();var is_postback = contents.indexOf('GF_AJAX_POSTBACK') >= 0;if(!is_postback){return;}var form_content = jQuery(this).contents().find('#gform_wrapper_11');var is_confirmation = jQuery(this).contents().find('#gform_confirmation_wrapper_11').length > 0;var is_redirect = contents.indexOf('gformRedirect(){') >= 0;var is_form = form_content.length > 0 && ! is_redirect && ! is_confirmation;var mt = parseInt(jQuery('html').css('margin-top'), 10) + parseInt(jQuery('body').css('margin-top'), 10) + 100;if(is_form){jQuery('#gform_wrapper_11').html(form_content.html());if(form_content.hasClass('gform_validation_error')){jQuery('#gform_wrapper_11').addClass('gform_validation_error');} else {jQuery('#gform_wrapper_11').removeClass('gform_validation_error');}setTimeout( function() { \/* delay the scroll by 50 milliseconds to fix a bug in chrome *\/ jQuery(document).scrollTop(jQuery('#gform_wrapper_11').offset().top - mt); }, 50 );if(window['gformInitDatepicker']) {gformInitDatepicker();}if(window['gformInitPriceFields']) {gformInitPriceFields();}var current_page = jQuery('#gform_source_page_number_11').val();gformInitSpinner( 11, 'https:\/\/goethebrasilia.org.br\/site\/wp-content\/plugins\/gravityforms\/images\/spinner.svg' );jQuery(document).trigger('gform_page_loaded', [11, current_page]);window['gf_submitting_11'] = false;}else if(!is_redirect){var confirmation_content = jQuery(this).contents().find('.GF_AJAX_POSTBACK').html();if(!confirmation_content){confirmation_content = contents;}setTimeout(function(){jQuery('#gform_wrapper_11').replaceWith(confirmation_content);jQuery(document).scrollTop(jQuery('#gf_11').offset().top - mt);jQuery(document).trigger('gform_confirmation_loaded', [11]);window['gf_submitting_11'] = false;wp.a11y.speak(jQuery('#gform_confirmation_message_11').text());}, 50);}else{jQuery('#gform_11').append(contents);if(window['gformRedirect']) {gformRedirect();}}jQuery(document).trigger('gform_post_render', [11, current_page]);} );} );\n<\/script>\n\n","protected":false},"excerpt":{"rendered":"","protected":false},"author":1,"featured_media":0,"parent":1558,"menu_order":20,"comment_status":"closed","ping_status":"closed","template":"","meta":{"inline_featured_image":false},"acf":{"show_grade_table":[],"related_links_list":false,"related_files_list":false,"sidebar_banners":false,"sidebar_button_text":"","sidebar_button_link":"","sidebar_button_pos":"after","general_table_list":false,"set_to_child":false,"slideshow_list":false},"_links":{"self":[{"href":"https:\/\/goethebrasilia.org.br\/de\/wp-json\/wp\/v2\/pages\/2625"}],"collection":[{"href":"https:\/\/goethebrasilia.org.br\/de\/wp-json\/wp\/v2\/pages"}],"about":[{"href":"https:\/\/goethebrasilia.org.br\/de\/wp-json\/wp\/v2\/types\/page"}],"author":[{"embeddable":true,"href":"https:\/\/goethebrasilia.org.br\/de\/wp-json\/wp\/v2\/users\/1"}],"replies":[{"embeddable":true,"href":"https:\/\/goethebrasilia.org.br\/de\/wp-json\/wp\/v2\/comments?post=2625"}],"version-history":[{"count":4,"href":"https:\/\/goethebrasilia.org.br\/de\/wp-json\/wp\/v2\/pages\/2625\/revisions"}],"predecessor-version":[{"id":7729,"href":"https:\/\/goethebrasilia.org.br\/de\/wp-json\/wp\/v2\/pages\/2625\/revisions\/7729"}],"up":[{"embeddable":true,"href":"https:\/\/goethebrasilia.org.br\/de\/wp-json\/wp\/v2\/pages\/1558"}],"wp:attachment":[{"href":"https:\/\/goethebrasilia.org.br\/de\/wp-json\/wp\/v2\/media?parent=2625"}],"curies":[{"name":"wp","href":"https:\/\/api.w.org\/{rel}","templated":true}]}}