{"id":2068,"date":"2016-01-28T11:20:38","date_gmt":"2016-01-28T11:20:38","guid":{"rendered":"http:\/\/157.245.141.11\/site\/?page_id=2068&#038;lang=de"},"modified":"2016-03-01T10:20:35","modified_gmt":"2016-03-01T13:20:35","slug":"technische-mindestvoraussetzungen","status":"publish","type":"page","link":"https:\/\/goethebrasilia.org.br\/de\/digitale-bibliothek\/technische-mindestvoraussetzungen\/","title":{"rendered":"Technische Mindestvoraussetzungen"},"content":{"rendered":"<h3><b>Die technischen Mindestvoraussetzungen f\u00fcr Benutzung der Onleihe<\/b><\/h3>\n<p><span style=\"font-weight: 400;\">Bitte stellen Sie vor Anmeldung bei der Onleihe sicher, dass Ihr PC oder Mac die erforderlichen technischen Voraussetzungen erf\u00fcllt. Wir empfehlen dringend, dass Sie eine Breitband Internet Verbindung (DSL, Kabel) benutzen, wenn Sie Filme oder Audiofiles ausleihen m\u00f6chten. <\/span><\/p>\n<p><span style=\"font-weight: 400;\">Die folgenden Formate werden z.Zt. im Kontext der Onleihe verwendet:<\/span><\/p>\n<ul>\n<li style=\"font-weight: 400;\"><span style=\"font-weight: 400;\">f\u00fcr eB\u00fccher: PDF-Format und\/oder ePub-Format<\/span><\/li>\n<li style=\"font-weight: 400;\"><span style=\"font-weight: 400;\">f\u00fcr eAudio\/Musik: WMA-Format<\/span><\/li>\n<li style=\"font-weight: 400;\"><span style=\"font-weight: 400;\">f\u00fcr eVideo: WMV-Format<\/span><\/li>\n<li style=\"font-weight: 400;\"><span style=\"font-weight: 400;\">f\u00fcr eZeitungen\/Zeitschriften: PDF-Format<\/span><\/li>\n<\/ul>\n<p><span style=\"font-weight: 400;\">Die technischen Mindestvoraussetzungen f\u00fcr Windows sind: <\/span><\/p>\n<ul>\n<li style=\"font-weight: 400;\"><span style=\"font-weight: 400;\">Betriebssystem: \u00a0Windows 2000 \/ XP \/ Vista \/ 7<\/span><\/li>\n<li style=\"font-weight: 400;\"><span style=\"font-weight: 400;\">Windows Media Player 11 oder h\u00f6her<\/span><\/li>\n<li style=\"font-weight: 400;\"><span style=\"font-weight: 400;\">Adobe Reader X oder h\u00f6her<\/span><\/li>\n<li style=\"font-weight: 400;\"><span style=\"font-weight: 400;\">Adobe Digital Editions 1.7.2 (eine kostenlos erh\u00e4ltliche Adobe ID ist f\u00fcr die Registrierung erforderlich)<\/span><\/li>\n<li style=\"font-weight: 400;\"><span style=\"font-weight: 400;\">Internet Explorer 7.0 oder h\u00f6her<\/span><\/li>\n<li style=\"font-weight: 400;\"><span style=\"font-weight: 400;\">Firefox 3.6.0 oder h\u00f6her<\/span><\/li>\n<\/ul>\n<p><span style=\"font-weight: 400;\">Die technischen Mindestvoraussetzungen f\u00fcr Mac (nur f\u00fcr eB\u00fccher) sind: <\/span><\/p>\n<ul>\n<li style=\"font-weight: 400;\"><span style=\"font-weight: 400;\">Mac OS 10.2.8 &#8211; 10.4.2 + Adobe Reader 7.1.0<\/span><\/li>\n<li style=\"font-weight: 400;\"><span style=\"font-weight: 400;\">Mac OS 10.4.3 &#8211; 10.5.3 + Adobe Reader 8.x (9)<\/span><\/li>\n<\/ul>\n<p><span style=\"font-weight: 400;\">Bitte beachten Sie, dass auf Apple-Ger\u00e4ten ausschlie\u00dflich eB\u00fccher genutzt werden k\u00f6nnen und auch nur solche, die als ePub erh\u00e4ltlich sind. Wenn sie ePubs auf einem iPad oder iPhone lesen m\u00f6chten, m\u00fcssen Sie zun\u00e4chst die kostenlose Overdrive Media Console App oder Bluefire App herunterladen, f\u00fcr die Sie Ihre \u2013 kostenlos erh\u00e4ltliche \u2013 Adobe ID angeben m\u00fcssen. <\/span><\/p>\n<p><span style=\"font-weight: 400;\">eZeitungen\/Zeitschriften k\u00f6nnen zur Zeit leider noch nicht auf Apple-Ger\u00e4ten genutzt werden. Auch eAudios, eMusik und eVideos der Onleihe k\u00f6nnen nicht auf Apple-Produkten genutzt werden, selbst wenn der Windows Mediaplayer f\u00fcr Mac installiert wurde. <\/span><\/p>\n<p><span style=\"font-weight: 400;\">Die technischen Mindestvoraussetzungen, um eB\u00fccher auf Linux zu lesen, sind: <\/span><\/p>\n<ul>\n<li style=\"font-weight: 400;\"><span style=\"font-weight: 400;\">SuSe Linux Enterprise Desktop 10 + Adobe Reader 7.0.9 &#8211; 8.x<\/span><\/li>\n<li style=\"font-weight: 400;\"><span style=\"font-weight: 400;\">Slackware Linux 10 + Adobe Reader 7.0.9 &#8211; 8.x<\/span><\/li>\n<li style=\"font-weight: 400;\"><span style=\"font-weight: 400;\">Debian 4.0 Etch + Adobe Reader 7.0.9 &#8211; 8.x<\/span><\/li>\n<li style=\"font-weight: 400;\"><span style=\"font-weight: 400;\">Ubuntu (ab Version 8.10)<\/span><\/li>\n<\/ul>\n<p><span style=\"font-weight: 400;\">Der Adobe-PDF-Reader wird in allen F\u00e4llen ben\u00f6tigt. Sonstige PDF Reader, wie z.B. kpdf, funktionieren bedauerlicherweise nicht. F\u00fcr Linux wird der Adobe Reader 8.1.1. empfohlen. <\/span><\/p>\n<p><span style=\"font-weight: 400;\">Falls Sie einen eBook-Reader einsetzen m\u00f6chten, stellen Sie bitte sicher, dass dieser kompatibel ist. Auf folgender Seite von Adobe steht eine Kompatibilit\u00e4tsliste auf Englisch zur Verf\u00fcgung:<\/span><\/p>\n<p><a href=\"http:\/\/blogs.adobe.com\/digitalpublishing\/supported-devices\"><span style=\"font-weight: 400;\">http:\/\/blogs.adobe.com\/digitalpublishing\/supported-devices<\/span><\/a><\/p>\n<p><span style=\"font-weight: 400;\">Wir bitten um Ihr Verst\u00e4ndnis, dass wir aus technischen Gr\u00fcnden zur Zeit leider nicht in der Lage sind, alle im Kontext der Onleihe verwendeten Datenformate auf allen Computersystemen zur Verf\u00fcgung zu stellen. Die Einschr\u00e4nkungen entstehen dadurch, dass die g\u00e4ngigen Computersysteme immer noch nicht voll kompatibel sind bzw. die Verlage die eMedien nur in bestimmten Formaten zur Verf\u00fcgung stellen.<\/span><\/p>\n","protected":false},"excerpt":{"rendered":"<p>Die technischen Mindestvoraussetzungen f\u00fcr Benutzung der Onleihe Bitte stellen Sie vor Anmeldung bei der Onleihe sicher, dass Ihr PC oder Mac die erforderlichen technischen Voraussetzungen erf\u00fcllt. Wir empfehlen dringend, dass Sie eine Breitband Internet Verbindung (DSL, Kabel) benutzen, wenn Sie Filme oder Audiofiles ausleihen m\u00f6chten. Die folgenden Formate werden z.Zt. im Kontext der Onleihe verwendet: [&hellip;]<\/p>\n","protected":false},"author":1,"featured_media":1837,"parent":2047,"menu_order":110,"comment_status":"closed","ping_status":"closed","template":"","meta":{"inline_featured_image":false},"acf":{"sidebar_banners":false,"sidebar_button_text":"","sidebar_button_link":"","sidebar_button_pos":"after","show_grade_table":[],"related_links_list":false,"related_files_list":false,"general_table_list":false,"set_to_child":false,"slideshow_list":false},"_links":{"self":[{"href":"https:\/\/goethebrasilia.org.br\/de\/wp-json\/wp\/v2\/pages\/2068"}],"collection":[{"href":"https:\/\/goethebrasilia.org.br\/de\/wp-json\/wp\/v2\/pages"}],"about":[{"href":"https:\/\/goethebrasilia.org.br\/de\/wp-json\/wp\/v2\/types\/page"}],"author":[{"embeddable":true,"href":"https:\/\/goethebrasilia.org.br\/de\/wp-json\/wp\/v2\/users\/1"}],"replies":[{"embeddable":true,"href":"https:\/\/goethebrasilia.org.br\/de\/wp-json\/wp\/v2\/comments?post=2068"}],"version-history":[{"count":1,"href":"https:\/\/goethebrasilia.org.br\/de\/wp-json\/wp\/v2\/pages\/2068\/revisions"}],"predecessor-version":[{"id":2070,"href":"https:\/\/goethebrasilia.org.br\/de\/wp-json\/wp\/v2\/pages\/2068\/revisions\/2070"}],"up":[{"embeddable":true,"href":"https:\/\/goethebrasilia.org.br\/de\/wp-json\/wp\/v2\/pages\/2047"}],"wp:featuredmedia":[{"embeddable":true,"href":"https:\/\/goethebrasilia.org.br\/de\/wp-json\/wp\/v2\/media\/1837"}],"wp:attachment":[{"href":"https:\/\/goethebrasilia.org.br\/de\/wp-json\/wp\/v2\/media?parent=2068"}],"curies":[{"name":"wp","href":"https:\/\/api.w.org\/{rel}","templated":true}]}}