{"id":1949,"date":"2016-01-20T11:30:36","date_gmt":"2016-01-20T11:30:36","guid":{"rendered":"http:\/\/157.245.141.11\/site\/?page_id=1949&#038;lang=de"},"modified":"2023-09-22T16:03:18","modified_gmt":"2023-09-22T19:03:18","slug":"online-deutsch-ueben","status":"publish","type":"page","link":"https:\/\/goethebrasilia.org.br\/de\/deutsch-lernen\/online-deutsch-ueben\/","title":{"rendered":"Online Deutsch \u00fcben"},"content":{"rendered":"<p><a href=\"https:\/\/www.goethe.de\/prj\/dfd\/de\/home.cfm\" target=\"_blank\" rel=\"noopener\"><b>Deutsch f\u00fcr dich<\/b><\/a><\/p>\n<p>Die Online-Community f\u00fcr Deutschlerner*innen und &#8211; Lehrer*innen<\/p>\n<p><a href=\"https:\/\/www.goethe.de\/de\/spr\/ueb.html\" target=\"_blank\" rel=\"noopener\">Kostenlos Deutsch \u00dcben<\/a><\/p>\n<p>Beim Goethe-Institut lernst du Deutsch von Profis. F\u00fcr dich haben wir viele kostenlose Medien entwickelt, mit denen du Deutsch \u00fcben kannst: von Apps mit Lernmaterialien \u00fcber Videos, Podcasts und Spiele bis zu Social Media- und Community-Angeboten. Egal, wie gut du schon Deutsch sprichst und warum du besser werden willst: Hauptsache du startest \u2013 und zwar mit Vergn\u00fcgen.<\/p>\n<p>Vokabeltrainer-App<\/p>\n<p>Mit der Vokabeltrainer-App des Goethe-Instituts k\u00f6nnen Sie Ihren deutschen Wortschatz flexibel und ortsunabh\u00e4ngig trainieren und verbessern.<\/p>\n<p>Kostenloser Download:<\/p>\n<ul>\n<li><a href=\"https:\/\/apps.apple.com\/de\/app\/deutschtrainer-a1\/id1088438339\" target=\"_blank\" rel=\"noopener\">iPhone<\/a><\/li>\n<li><a href=\"https:\/\/play.google.com\/store\/apps\/details?id=de.goethe.deutschtrainerA1&amp;hl=de\" target=\"_blank\" rel=\"noopener\">Android<\/a><\/li>\n<\/ul>\n<p><a href=\"https:\/\/genrekino.goethe-on-demand.de\/\" target=\"_blank\" rel=\"noopener\">Goethe on demand<\/a><\/p>\n<p>Die Streaming-Platformm des Goethe-Instituts<\/p>\n<p><a href=\"https:\/\/unity.com\/de\" target=\"_blank\" rel=\"noopener\">Unity.com<\/a><\/p>\n<p>Tools f\u00fcr Gamers<\/p>\n<p><a href=\"https:\/\/www.goethe.de\/de\/spr\/unt\/kum\/ber.html\" target=\"_blank\" rel=\"noopener\">Konzepte und Materialen &#8211; Deutsch f\u00fcr Beruf und Studium<\/a><\/p>\n<p>Hier finden Lehrende und Lernende Hinweise zu Lehr- und Lernmaterialien aus den Fachgebieten Wirtschaft, Tourismus, Technik und soziale und medizinische Berufe.<\/p>\n<p><a href=\"https:\/\/www.marktdigital.de\/inhalt.html\" target=\"_blank\" rel=\"noopener\">MARKT<\/a><\/p>\n<p>Deutsch f\u00fcr den Beruf-Materialien aus der Presse<\/p>\n<h4><\/h4>\n<p>&nbsp;<\/p>\n","protected":false},"excerpt":{"rendered":"<p>Deutsch f\u00fcr dich Die Online-Community f\u00fcr Deutschlerner*innen und &#8211; Lehrer*innen Kostenlos Deutsch \u00dcben Beim Goethe-Institut lernst du Deutsch von Profis. F\u00fcr dich haben wir viele kostenlose Medien entwickelt, mit denen du Deutsch \u00fcben kannst: von Apps mit Lernmaterialien \u00fcber Videos, Podcasts und Spiele bis zu Social Media- und Community-Angeboten. Egal, wie gut du schon Deutsch [&hellip;]<\/p>\n","protected":false},"author":1,"featured_media":24332,"parent":1865,"menu_order":20,"comment_status":"closed","ping_status":"closed","template":"","meta":{"inline_featured_image":false},"acf":{"sidebar_banners":false,"sidebar_button_text":"","sidebar_button_link":"","sidebar_button_pos":"after","show_grade_table":[],"related_links_list":false,"related_files_list":false,"faq_list":false,"general_table_list":false,"set_to_child":false,"slideshow_list":false},"_links":{"self":[{"href":"https:\/\/goethebrasilia.org.br\/de\/wp-json\/wp\/v2\/pages\/1949"}],"collection":[{"href":"https:\/\/goethebrasilia.org.br\/de\/wp-json\/wp\/v2\/pages"}],"about":[{"href":"https:\/\/goethebrasilia.org.br\/de\/wp-json\/wp\/v2\/types\/page"}],"author":[{"embeddable":true,"href":"https:\/\/goethebrasilia.org.br\/de\/wp-json\/wp\/v2\/users\/1"}],"replies":[{"embeddable":true,"href":"https:\/\/goethebrasilia.org.br\/de\/wp-json\/wp\/v2\/comments?post=1949"}],"version-history":[{"count":9,"href":"https:\/\/goethebrasilia.org.br\/de\/wp-json\/wp\/v2\/pages\/1949\/revisions"}],"predecessor-version":[{"id":24347,"href":"https:\/\/goethebrasilia.org.br\/de\/wp-json\/wp\/v2\/pages\/1949\/revisions\/24347"}],"up":[{"embeddable":true,"href":"https:\/\/goethebrasilia.org.br\/de\/wp-json\/wp\/v2\/pages\/1865"}],"wp:featuredmedia":[{"embeddable":true,"href":"https:\/\/goethebrasilia.org.br\/de\/wp-json\/wp\/v2\/media\/24332"}],"wp:attachment":[{"href":"https:\/\/goethebrasilia.org.br\/de\/wp-json\/wp\/v2\/media?parent=1949"}],"curies":[{"name":"wp","href":"https:\/\/api.w.org\/{rel}","templated":true}]}}